{"id":1220,"date":"2017-04-25T12:51:33","date_gmt":"2017-04-25T12:51:33","guid":{"rendered":"http:\/\/greenadvisers.no\/?page_id=1220"},"modified":"2025-01-28T12:37:06","modified_gmt":"2025-01-28T12:37:06","slug":"hjem","status":"publish","type":"page","link":"https:\/\/greenadvisers.no\/","title":{"rendered":"Trekonstruksjoner &#8211; innovasjon &#8211; kompetanse"},"content":{"rendered":"<style type='text\/css' media='all'>#rt-tpg-container-3038238848 .rt-holder .rt-woo-info .price{color:#000000;}body .rt-tpg-container .rt-tpg-isotope-buttons .selected,\n\t\t\t\t\t#rt-tpg-container-3038238848 .layout12 .rt-holder:hover .rt-detail,\n\t\t\t\t\t#rt-tpg-container-3038238848 .isotope8 .rt-holder:hover .rt-detail,\n\t\t\t\t\t#rt-tpg-container-3038238848 .carousel8 .rt-holder:hover .rt-detail,\n\t\t\t\t\t#rt-tpg-container-3038238848 .layout13 .rt-holder .overlay .post-info,\n\t\t\t\t\t#rt-tpg-container-3038238848 .isotope9 .rt-holder .overlay .post-info,\n\t\t\t\t\t#rt-tpg-container-3038238848.rt-tpg-container .layout4 .rt-holder .rt-detail,\n\t\t\t\t\t.rt-modal-3038238848 .md-content,\n\t\t\t\t\t.rt-modal-3038238848 .md-content > .rt-md-content-holder .rt-md-content,\n\t\t\t\t\t.rt-popup-wrap-3038238848.rt-popup-wrap .rt-popup-navigation-wrap,\n\t\t\t\t\t#rt-tpg-container-3038238848 .carousel9 .rt-holder .overlay .post-info{background-color:#000000;}#rt-tpg-container-3038238848 .layout5 .rt-holder .overlay, #rt-tpg-container-3038238848 .isotope2 .rt-holder .overlay, #rt-tpg-container-3038238848 .carousel2 .rt-holder .overlay,#rt-tpg-container-3038238848 .layout15 .rt-holder h3, #rt-tpg-container-3038238848 .isotope11 .rt-holder h3, #rt-tpg-container-3038238848 .carousel11 .rt-holder h3, #rt-tpg-container-3038238848 .layout16 .rt-holder h3,\n\t\t\t\t\t#rt-tpg-container-3038238848 .isotope12 .rt-holder h3, #rt-tpg-container-3038238848 .carousel12 .rt-holder h3 {background-color:rgba(0,0,0,0.1);}#rt-tpg-container-3038238848 .pagination-list li a,\n\t\t\t\t\t#rt-tpg-container-3038238848 .pagination li a,\n\t\t\t\t\t#rt-tpg-container-3038238848 .rt-tpg-isotope-buttons button,\n\t\t\t\t\t#rt-tpg-container-3038238848 .rt-holder .read-more a,\n\t\t\t\t\t#rt-tpg-container-3038238848 .rt-tpg-utility .rt-tpg-load-more button,\n\t\t\t\t\t#rt-tpg-container-3038238848.rt-tpg-container .swiper-navigation .slider-btn,\n\t\t\t\t\t#rt-tpg-container-3038238848 .wc1 .rt-holder .rt-img-holder .overlay .product-more ul li a,\n\t\t\t\t\t#rt-tpg-container-3038238848 .edd1 .rt-holder .rt-img-holder .overlay .product-more ul li a,\n\t\t\t\t\t#rt-tpg-container-3038238848 .wc2 .rt-detail .rt-wc-add-to-cart,\n\t\t\t\t\t#rt-tpg-container-3038238848 .wc3 .rt-detail .rt-wc-add-to-cart,\n\t\t\t\t\t#rt-tpg-container-3038238848 .edd2 .rt-detail .rt-wc-add-to-cart,\n\t\t\t\t\t#rt-tpg-container-3038238848 .wc4 .rt-detail .rt-wc-add-to-cart,\n\t\t\t\t\t#rt-tpg-container-3038238848 .edd3 .rt-detail .rt-wc-add-to-cart,\n\t\t\t\t\t#rt-tpg-container-3038238848 .wc-carousel2 .rt-detail .rt-wc-add-to-cart,\n\t\t\t\t\t#rt-tpg-container-3038238848 .wc-isotope2 .rt-detail .rt-wc-add-to-cart,\n\t\t\t\t\t#rt-tpg-container-3038238848 .rt-tpg-utility .rt-tpg-load-more button,\n\t\t\t\t\t#rt-tooltip-3038238848,\n\t\t\t\t\t#rt-tpg-container-3038238848 .rt-filter-item-wrap.rt-filter-button-wrap span.rt-filter-button-item,\n\t\t\t\t\t#rt-tpg-container-3038238848 .rt-layout-filter-container .rt-filter-sub-tax.sub-button-group .rt-filter-button-item,\n\t\t\t\t\t#rt-tpg-container-3038238848 .rt-layout-filter-container .rt-filter-wrap .rt-filter-item-wrap.rt-sort-order-action,\n\t\t\t\t\t#rt-tpg-container-3038238848 .rt-layout-filter-container .rt-filter-wrap .rt-filter-item-wrap.rt-filter-dropdown-wrap .rt-filter-dropdown .rt-filter-dropdown-item,\n\t\t\t\t\t#rt-tpg-container-3038238848.rt-tpg-container .rt-pagination-wrap .rt-page-numbers .paginationjs .paginationjs-pages ul li>a,\n\t\t\t\t\t#rt-tpg-container-3038238848.rt-tpg-container .rt-pagination-wrap .rt-cb-page-prev-next > *,\n\t\t\t\t\t#rt-tpg-container-3038238848.rt-tpg-container .rt-pagination-wrap  .rt-loadmore-btn,\n\t\t\t\t\t#rt-tpg-container-3038238848 .rt-read-more,\n\t\t\t\t\t#rt-tooltip-3038238848 .rt-tooltip-bottom:after{color:#000000;}#rt-tpg-container-3038238848 .read-more a{border-radius:px;}#rt-tpg-container-3038238848 .rt-img-holder img.rt-img-responsive,#rt-tpg-container-3038238848 .rt-img-holder,\n\t\t\t\t\t#rt-tpg-container-3038238848 .rt-post-overlay .post-img,\n\t\t\t\t\t#rt-tpg-container-3038238848 .post-sm .post-img,\n\t\t\t\t\t#rt-tpg-container-3038238848 .rt-post-grid .post-img,\n\t\t\t\t\t#rt-tpg-container-3038238848 .post-img img {border-radius:px;}#rt-tpg-container-3038238848 .layout1 .rt-holder h2.entry-title,\n\t\t\t\t\t#rt-tpg-container-3038238848 .layout1 .rt-holder h3.entry-title,\n\t\t\t\t\t#rt-tpg-container-3038238848 .layout1 .rt-holder h4.entry-title,\n\t\t\t\t\t#rt-tpg-container-3038238848 .layout1 .rt-holder h2.entry-title a,\n\t\t\t\t\t#rt-tpg-container-3038238848 .layout1 .rt-holder h3.entry-title a,\n\t\t\t\t\t#rt-tpg-container-3038238848 .layout1 .rt-holder h4.entry-title a,\n\t\t\t\t\t#rt-tpg-container-3038238848 .rt-holder .rt-woo-info h2 a,\n\t\t\t\t\t#rt-tpg-container-3038238848 .rt-holder .rt-woo-info h3 a,\n\t\t\t\t\t#rt-tpg-container-3038238848 .rt-holder .rt-woo-info h4 a,\n\t\t\t\t\t#rt-tpg-container-3038238848 .post-content .post-title,\n\t\t\t\t\t#rt-tpg-container-3038238848 .rt-post-grid .post-title,\n\t\t\t\t\t#rt-tpg-container-3038238848 .rt-post-grid .post-title a,\n\t\t\t\t\t#rt-tpg-container-3038238848 .post-content .post-title a,\n\t\t\t\t\t#rt-tpg-container-3038238848 .rt-holder .rt-woo-info h2,\n\t\t\t\t\t#rt-tpg-container-3038238848 .rt-holder .rt-woo-info h3,\n\t\t\t\t\t#rt-tpg-container-3038238848 .rt-holder .rt-woo-info h4{font-size:20px;line-height:30px;font-weight:bold;text-align:left;}#rt-tpg-container-3038238848 .post-grid-lg-style-1 .post-title,\n\t\t\t\t\t\t#rt-tpg-container-3038238848 .post-grid-lg-style-1 .post-title a,\n\t\t\t\t\t\t#rt-tpg-container-3038238848 .big-layout .post-title,\n\t\t\t\t\t\t#rt-tpg-container-3038238848 .big-layout .post-title a,\n\t\t\t\t\t\t#rt-tpg-container-3038238848 .post-grid-lg-style-1 .post-title,\n\t\t\t\t\t\t#rt-tpg-container-3038238848 .post-grid-lg-style-1 .post-title a {font-size:28px;line-height:38px;}#rt-tpg-container-3038238848 .layout1 .rt-holder h2.entry-title:hover,\n\t\t\t\t\t#rt-tpg-container-3038238848 .layout1 .rt-holder h3.entry-title:hover,\n\t\t\t\t\t#rt-tpg-container-3038238848 .layout1 .rt-holder h4.entry-title:hover,\n\t\t\t\t\t#rt-tpg-container-3038238848 .layout1 .rt-holder h2.entry-title a:hover,\n\t\t\t\t\t#rt-tpg-container-3038238848 .layout1 .rt-holder h3.entry-title a:hover,\n\t\t\t\t\t#rt-tpg-container-3038238848 .layout1 .rt-holder h4.entry-title a:hover,\n\t\t\t\t\t#rt-tpg-container-3038238848 .post-content .post-title a:hover,\n\t\t\t\t\t#rt-tpg-container-3038238848 .rt-post-grid .post-title a:hover,\n\t\t\t\t\t#rt-tpg-container-3038238848 .rt-holder .rt-woo-info h2 a:hover,\n\t\t\t\t\t#rt-tpg-container-3038238848 .rt-holder .rt-woo-info h3 a:hover,\n\t\t\t\t\t#rt-tpg-container-3038238848 .rt-holder .rt-woo-info h4 a:hover,\n\t\t\t\t\t#rt-tpg-container-3038238848 .rt-holder .rt-woo-info h2:hover,\n\t\t\t\t\t#rt-tpg-container-3038238848 .rt-holder .rt-woo-info h3:hover,\n\t\t\t\t\t#rt-tpg-container-3038238848 .rt-holder .rt-woo-info h4:hover{color:#dd9933 !important;}#rt-tpg-container-3038238848 .layout1 .rt-holder .tpg-excerpt,#rt-tpg-container-3038238848 .layout1 .tpg-excerpt,#rt-tpg-container-3038238848 .layout1 .rt-holder .post-content,#rt-tpg-container-3038238848 .rt-holder .rt-woo-info p,#rt-tpg-container-3038238848 .post-content p {color:#000000;font-size:16px;font-weight:normal;text-align:justify;}#rt-tpg-container-3038238848 .layout1 .rt-holder .post-meta-user,\n\t\t\t\t\t#rt-tpg-container-3038238848 .layout1 .rt-meta,\n\t\t\t\t\t#rt-tpg-container-3038238848 .layout1 .rt-meta a,\n\t\t\t\t\t#rt-tpg-container-3038238848 .layout1 .rt-holder .post-meta-user .meta-data,\n\t\t\t\t\t#rt-tpg-container-3038238848 .layout1 .rt-holder .post-meta-user a,\n\t\t\t\t\t#rt-tpg-container-3038238848 .layout1 .rt-holder .rt-detail .post-meta .rt-tpg-social-share,\n\t\t\t\t\t#rt-tpg-container-3038238848 .rt-post-overlay .post-meta-user span,\n\t\t\t\t\t#rt-tpg-container-3038238848 .rt-post-overlay .post-meta-user,\n\t\t\t\t\t#rt-tpg-container-3038238848 .rt-post-overlay .post-meta-user a,\n\t\t\t\t\t#rt-tpg-container-3038238848 .rt-post-grid .post-meta-user,\n\t\t\t\t\t#rt-tpg-container-3038238848 .rt-post-grid .post-meta-user a,\n\t\t\t\t\t#rt-tpg-container-3038238848 .rt-post-box-media-style .post-meta-user,\n\t\t\t\t\t#rt-tpg-container-3038238848 .rt-post-box-media-style .post-meta-user a,\n\t\t\t\t\t#rt-tpg-container-3038238848 .layout1 .post-meta-user i,\n\t\t\t\t\t#rt-tpg-container-3038238848 .rt-detail .post-meta-category a,\n\t\t\t\t\t#rt-tpg-container-3038238848 .layout1 .post-meta-user a\n\t\t\t\t\t#rt-tpg-container-3038238848 .layout1 .post-meta-user a {color:#000000;font-size:16px;font-weight:normal;}<\/style><div class='rt-container-fluid rt-tpg-container tpg-shortcode-main-wrapper ' id='rt-tpg-container-3038238848'   data-layout='layout1' data-grid-style='even' data-desktop-col='3'  data-tab-col='2'  data-mobile-col='1' data-sc-id='1343'><div data-title='Loading ...' class='rt-row rt-content-loader   layout1 tpg-even '><div class=\"rt-col-md-4 rt-col-sm-6 rt-col-xs-12 even-grid-item rt-grid-item\" data-id=\"3721\"><div class=\"rt-holder\"><div class=\"rt-img-holder\"><a data-id=\"3721\" class=\"\" href=\"https:\/\/greenadvisers.no\/?p=3721\"><img width=\"1024\" height=\"560\" src=\"https:\/\/greenadvisers.no\/wp-content\/uploads\/2025\/09\/20250821_084919-scaled-e1758548390583-1024x560.jpg\" class=\"rt-img-responsive \" alt=\"\" \/><\/a><\/div><div class='rt-detail'><h2 class=\"entry-title\"><a data-id=\"3721\" class=\"\" href=\"https:\/\/greenadvisers.no\/?p=3721\">Nygging i Bj\u00f8rkelangen<\/a><\/h2><div class='post-meta-user  '><span class='date'><i class='far fa-calendar-alt '><\/i>September 22, 2025<\/span><\/div><div class='tpg-excerpt'>Siden i v\u00e5r har...<\/div><\/div><\/div><\/div><div class=\"rt-col-md-4 rt-col-sm-6 rt-col-xs-12 even-grid-item rt-grid-item\" data-id=\"3709\"><div class=\"rt-holder\"><div class=\"rt-img-holder\"><a data-id=\"3709\" class=\"\" href=\"https:\/\/greenadvisers.no\/?p=3709\"><img width=\"1024\" height=\"577\" src=\"https:\/\/greenadvisers.no\/wp-content\/uploads\/2025\/07\/20241027_165548-1024x577.jpg\" class=\"rt-img-responsive \" alt=\"\" \/><\/a><\/div><div class='rt-detail'><h2 class=\"entry-title\"><a data-id=\"3709\" class=\"\" href=\"https:\/\/greenadvisers.no\/?p=3709\">Prefabrikkert hytte<\/a><\/h2><div class='post-meta-user  '><span class='date'><i class='far fa-calendar-alt '><\/i>July 29, 2025<\/span><\/div><div class='tpg-excerpt'>I samarbeid med...<\/div><\/div><\/div><\/div><div class=\"rt-col-md-4 rt-col-sm-6 rt-col-xs-12 even-grid-item rt-grid-item\" data-id=\"3690\"><div class=\"rt-holder\"><div class=\"rt-img-holder\"><a data-id=\"3690\" class=\"\" href=\"https:\/\/greenadvisers.no\/?p=3690\"><img width=\"1024\" height=\"576\" src=\"https:\/\/greenadvisers.no\/wp-content\/uploads\/2025\/03\/Image1-1024x576.jpg\" class=\"rt-img-responsive \" alt=\"\" \/><\/a><\/div><div class='rt-detail'><h2 class=\"entry-title\"><a data-id=\"3690\" class=\"\" href=\"https:\/\/greenadvisers.no\/?p=3690\">Kommunalteknisk bygg<\/a><\/h2><div class='post-meta-user  '><span class='date'><i class='far fa-calendar-alt '><\/i>March 14, 2025<\/span><\/div><div class='tpg-excerpt'>Redem AS har f\u00e5tt i...<\/div><\/div><\/div><\/div><div class=\"rt-col-md-4 rt-col-sm-6 rt-col-xs-12 even-grid-item rt-grid-item\" data-id=\"3621\"><div class=\"rt-holder\"><div class=\"rt-img-holder\"><a data-id=\"3621\" class=\"\" href=\"https:\/\/greenadvisers.no\/?p=3621\"><img width=\"1024\" height=\"577\" src=\"https:\/\/greenadvisers.no\/wp-content\/uploads\/2024\/08\/20240716_112839-scaled-e1724225265590-1024x577.jpg\" class=\"rt-img-responsive \" alt=\"\" \/><\/a><\/div><div class='rt-detail'><h2 class=\"entry-title\"><a data-id=\"3621\" class=\"\" href=\"https:\/\/greenadvisers.no\/?p=3621\">Sommerjobb<\/a><\/h2><div class='post-meta-user  '><span class='date'><i class='far fa-calendar-alt '><\/i>August 21, 2024<\/span><\/div><div class='tpg-excerpt'>Sammen med Bulls AS...<\/div><\/div><\/div><\/div><div class=\"rt-col-md-4 rt-col-sm-6 rt-col-xs-12 even-grid-item rt-grid-item\" data-id=\"3602\"><div class=\"rt-holder\"><div class=\"rt-img-holder\"><a data-id=\"3602\" class=\"\" href=\"https:\/\/greenadvisers.no\/?p=3602\"><img width=\"1024\" height=\"683\" src=\"https:\/\/greenadvisers.no\/wp-content\/uploads\/2024\/05\/IMG_2101-1024x683.jpg\" class=\"rt-img-responsive \" alt=\"\" \/><\/a><\/div><div class='rt-detail'><h2 class=\"entry-title\"><a data-id=\"3602\" class=\"\" href=\"https:\/\/greenadvisers.no\/?p=3602\">Ramverkskonstruksjoner<\/a><\/h2><div class='post-meta-user  '><span class='date'><i class='far fa-calendar-alt '><\/i>May 31, 2024<\/span><\/div><div class='tpg-excerpt'>...<\/div><\/div><\/div><\/div><div class=\"rt-col-md-4 rt-col-sm-6 rt-col-xs-12 even-grid-item rt-grid-item\" data-id=\"3505\"><div class=\"rt-holder\"><div class=\"rt-img-holder\"><a data-id=\"3505\" class=\"\" href=\"https:\/\/greenadvisers.no\/?p=3505\"><img width=\"1024\" height=\"590\" src=\"https:\/\/greenadvisers.no\/wp-content\/uploads\/2023\/06\/image00001-1024x590.jpeg\" class=\"rt-img-responsive \" alt=\"\" \/><\/a><\/div><div class='rt-detail'><h2 class=\"entry-title\"><a data-id=\"3505\" class=\"\" href=\"https:\/\/greenadvisers.no\/?p=3505\">Pris til Lofoten beach camp<\/a><\/h2><div class='post-meta-user  '><span class='date'><i class='far fa-calendar-alt '><\/i>June 7, 2023<\/span><\/div><div class='tpg-excerpt'>For noen dager siden...<\/div><\/div><\/div><\/div><\/div><\/div>\n<p><!-- .elementskit-post-footer END -->Kunnskap og inspirasjon fra v\u00e5re gamle h\u00e5ndverkstradisjoner i tett samarbeid med industrialisering og moderne produksjonsmetoder skaper v\u00e5re l\u00f8sninger. Kilden kommer fra flere arenaer; fra prosessindustrien og sm\u00e5husbygging til b\u00e5tbyggerfaget. Det handler om \u00e5 f\u00e5 til mer ut av mindre.<\/p>\n<p>Vi har utviklet l\u00f8sningene videre og brukt de i egne prosjekter. M\u00e5lsettingen er \u00e5 v\u00e6re ledende innen trekonstruksjoner. Fokuset er fortsatt \u00e5 finne forbedringer.<\/p>\n<p>Vi arbeider med prosjekter i hele Norge. Bedriften arbeider etter partnermodeller, der vi samarbeider med kundens lokale ressurser sammen med det nettverk som foretaket har opparbeidet siste 10 \u00e5r.<\/p>\n<h4><strong>V\u00c5RE PROSJEKTER FINNER DU HER<\/strong><\/h4>\n<div id=\"map-multi-marker-1\" class=\"map-multi-marker\" style=\"height: 300px; width: 100%\"><\/div>\n","protected":false},"excerpt":{"rendered":"<p>Kunnskap og inspirasjon fra v\u00e5re gamle h\u00e5ndverkstradisjoner i tett samarbeid med industrialisering og moderne produksjonsmetoder [&hellip;]<\/p>\n","protected":false},"author":1,"featured_media":0,"parent":0,"menu_order":0,"comment_status":"closed","ping_status":"closed","template":"","meta":[],"rttpg_featured_image_url":null,"rttpg_author":{"display_name":"greenadvisers","author_link":"https:\/\/greenadvisers.no\/?author=1"},"rttpg_comment":0,"rttpg_category":"","rttpg_excerpt":"Kunnskap og inspirasjon fra v\u00e5re gamle h\u00e5ndverkstradisjoner i tett samarbeid med industrialisering og moderne produksjonsmetoder [&hellip;]","_links":{"self":[{"href":"https:\/\/greenadvisers.no\/index.php?rest_route=\/wp\/v2\/pages\/1220"}],"collection":[{"href":"https:\/\/greenadvisers.no\/index.php?rest_route=\/wp\/v2\/pages"}],"about":[{"href":"https:\/\/greenadvisers.no\/index.php?rest_route=\/wp\/v2\/types\/page"}],"author":[{"embeddable":true,"href":"https:\/\/greenadvisers.no\/index.php?rest_route=\/wp\/v2\/users\/1"}],"replies":[{"embeddable":true,"href":"https:\/\/greenadvisers.no\/index.php?rest_route=%2Fwp%2Fv2%2Fcomments&post=1220"}],"version-history":[{"count":123,"href":"https:\/\/greenadvisers.no\/index.php?rest_route=\/wp\/v2\/pages\/1220\/revisions"}],"predecessor-version":[{"id":3684,"href":"https:\/\/greenadvisers.no\/index.php?rest_route=\/wp\/v2\/pages\/1220\/revisions\/3684"}],"wp:attachment":[{"href":"https:\/\/greenadvisers.no\/index.php?rest_route=%2Fwp%2Fv2%2Fmedia&parent=1220"}],"curies":[{"name":"wp","href":"https:\/\/api.w.org\/{rel}","templated":true}]}}