{"id":6,"date":"2013-04-18T00:18:02","date_gmt":"2013-04-18T00:18:02","guid":{"rendered":"http:\/\/greenadvisers.no\/?page_id=6"},"modified":"2021-11-18T21:09:40","modified_gmt":"2021-11-18T21:09:40","slug":"tjenester","status":"publish","type":"page","link":"https:\/\/greenadvisers.no\/?page_id=6","title":{"rendered":"Tjenester"},"content":{"rendered":"<h2>\n<h3 style=\"text-align: justify; white-space: normal;\">Reguleringsplaner<\/h3>\n<\/h2>\n<p>Vi utf\u00f8rer reguleringsplaner med n\u00f8dvendige faglige unders\u00f8kelser. V\u00e5re arkitekter bidrar fra planoppstart til vedtatt reguleringsplan, tegninger i SOSI-formater og modellering av planen i b\u00e5de 2D til 4D. Sistnevnte er perspektivmodell over tid. Selv om regulering er en flatemodell, s\u00e5 erfarer vi det viktig \u00e5 kunne forst\u00e5 konsekvensene av h\u00f8ydeforskjeller i omr\u00e5det.<\/p>\n<h3>Prosjektering av bygg<\/h3>\n<p>V\u00e5re medarbeidere prosjekterer bygg fra programmering til tekniske fag. Vi har internt b\u00e5de arkitekter og ingeni\u00f8rer som behersker mange fagdisipliner. I tillegg sitter vi et faglig kontormilj\u00f8 med andre r\u00e5dgivermilj\u00f8er. Sv\u00e6rt mange av v\u00e5re bygg blir gjennomf\u00f8rt som prefabrikkerte konstruksjoner med bruk av Green Building System. Dette fordi vi i fellesskap sammen med kunden finner det \u00f8konomisk fordelaktig.<\/p>\n<h3>Tilstandsunders\u00f8kelser, blant annet etter Norsk standard<\/h3>\n<p>Tilstandsunders\u00f8kelser utf\u00f8res i tr\u00e5d med Norsk standard, samt virksomhetens egne standarder for spesialiserte unders\u00f8kelser. Et eksempel p\u00e5 egen standard er planlegging av tiltak og vedlikehold over kortere og lengre tidsperspektiver.<\/p>\n<p>V\u00e5re medarbeidere har lang erfaring i bygg og anlegg, og hvordan disse endrer sin karakter over tid. Denne kunnskap benyttes ogs\u00e5 til \u00e5 videreutvikle eksisterende produkter og \u00e5 utvikle nye produkter som l\u00f8ser de problemer som ses i slike tilstandsunders\u00f8kelser.<\/p>\n<p>\u00a0<\/p>\n<h3>Utvikling av eiendom<\/h3>\n<p>N\u00e5r man betrakter bygningers tilstand over tid og vurderer funksjonalitet mot eksisterende l\u00f8sninger, har vi erfart og ervervet mye nyttig kunnskap som er anvendelig for utvikling av eiendom. Prosessen har mange likheter med produktutvikling som er del av kjernevirksomheten i foretaket.<\/p>\n<p>Green advisers innehar tverrfaglig kompetanse og innsikt, noe som byr p\u00e5 gode resultater med langtidseffekt for kunden.<\/p>\n<p>Foretaket har utviklet en egen analysemodell for utvikling av eiendom, som raskt gir konsept \u00e5 arbeide videre i fra. Denne modellen analyserer funksjonskravene i bygningen gjennom en prosessmodell med fokus p\u00e5 logistikk og logikk i l\u00f8sningene.<\/p>\n<p>Gjennom eventuelt samarbeid med arkitekter og landskapsarkitekter utvikles prosjektet videre til den gjennomf\u00f8ringsmodell som kunden m\u00e5tte \u00f8nske. Selvsagt vil man f\u00e5 r\u00e5d om valg av modell og hvordan dette p\u00e5virker prosjektet i \u00e5 realisere eiendommen. Dette er alt fra kontraktsvalg og entreprisegjennomf\u00f8ring.<\/p>\n<h3>Utvikling av industri<\/h3>\n<p>Foretaket har ogs\u00e5 utviklet en egen analysemodell for utvikling av industribygg, som raskt gir konsept \u00e5 arbeide videre i fra. Denne modellen analyserer funksjonskravene for aktivitetene i bygningen og former bygget p\u00e5 bakgrunn i logistikk og logikk som modellen fremkommer til.<\/p>\n<p>Gjennom denne prosessen vil utearealer og p\u00e5virkning p\u00e5 vei og infrastruktur ogs\u00e5 bli behandlet, samt kontinuerlig kobling mot \u00f8konomisk konsekvens. Dette for lettere \u00e5 kunne spisse forretningsplanen opp mot investeringsbehov.<\/p>\n<p>Som en del av dette produktet lages ogs\u00e5 ulike presentasjonsmodeller, i form av \u00f8konomiske analyser s\u00e5 vel som byggetekniske sakstegninger til kommunal behandling og bilder\/video til presentasjoner i innsalg og rapportering.<\/p>\n<h3>Undervisning\/ foredrag<\/h3>\n<p>Som en naturlig del i samarbeidet med skolemilj\u00f8ene inng\u00e5r b\u00e5de undervisning og gjesteforelesninger. Forelesningene spenner over en rekke fagomr\u00e5der og gjennomf\u00f8res b\u00e5de av egne og eksterne ressurser avhengig av tilgjengelighet og tema.<\/p>\n<p>Det er gjennomf\u00f8rt foredag for blant annet H\u00f8gskolen i S\u00f8r-Tr\u00f8ndelag, NTNU og Innovasjon Norge.<\/p>\n<p>Foredragene er naturlig nok tilknyttet v\u00e5rt forretningsomr\u00e5de, samt flere ingeni\u00f8rdisipliner.<\/p>\n<h3>Forbedringsmetoder for produksjon<\/h3>\n<p>Med erfaring innen ulike industriprosesser og metoder for \u00e5 forbedre industrielle prosesser, har bedriften ervervet kompetanse p\u00e5 \u00e5 forbedre produksjon av ulike produkter. I samarbeid med den aktuelle bedriften utf\u00f8res unders\u00f8kelser for \u00e5 forbedre produksjonssituasjonen gjennom \u00e5 analysere virksomhetens arbeid og produkt.<\/p>\n<p>Et optimalisert produksjonsutstyr krever maskinprodusenters kompetanse. Forbedringsmetoden Green advisers anvender kan derimot gi gevinst p\u00e5 optimal produksjon gjennom \u00f8kt tilrettelegging og system mellom produksjonsstasjonene.<\/p>\n<h3>Kvalitetssikring og systembygging<\/h3>\n<p>Enhver suksessfull bedrift innehar optimal systemdrift med kvalitetssikring. Green advisers kan med stor tverrfaglig kompetanse analysere og effektivisere produksjonen med utbedring\/ effektivisering av bedriftens operative system.<\/p>\n<p>Vi kan bidra med rutiner og sikringssystemer innen planlegging, gjennomf\u00f8ring og oppf\u00f8lging i bedrifter for \u00e5 \u00f8ke produksjon og salg. Denne systemrevisjonen kan ogs\u00e5 inng\u00e5 som en del av et markedsf\u00f8ringstiltak.<\/p>\n<h3>Prosjekt- og byggeledelse<\/h3>\n<p>Gjennom flere \u00e5r er det samlet erfaring innen prosjekt- og byggeledelse i fra sm\u00e5 og store prosjekter. Green Advisers kan tilby bistand med ulike ledelsesniv\u00e5er for prosjekter, alt fra prosjektleder til byggelederassistanse, men ogs\u00e5 fagst\u00f8tte til disse lederniv\u00e5ene.<\/p>\n<p>V\u00e5r erfaring er at gjennomf\u00f8ringsmodellen m\u00e5 tilpasses prosjektets kompleksitet, og derfor er det nyttig for oss \u00e5 f\u00e5 innsikt i ditt behov for \u00e5 gi et godt svar. Samarbeidsmodeller er v\u00e5r standard, men likevel er det flere veier til m\u00e5l.<\/p>\n<h3>Viritualsiering<\/h3>\n<p>For \u00e5 skape st\u00f8rre forst\u00e5else av l\u00f8sninger og systemer, har vi erfart at virtuelle modeller gir god forst\u00e5else for b\u00e5de v\u00e5re kunder og kundens kunde. I utvikling av v\u00e5re industrisystemer, har vi erfart at tidseffektive verkt\u00f8y til \u00e5 oppn\u00e5 slike modeller er hensiktmessig.<\/p>\n<p>Green Advisers kan derfor tilby \u00e5 skape virtuelle datamodeller p\u00e5 ditt grunnlag, om det er fra en prinsippskisse eller avanserte tegninger. Vi samarbeider ogs\u00e5 utenlandske foretak som har spesialisert p\u00e5 digitalisering av gamle tegninger og modellering av maskiner. Sp\u00f8r oss, s\u00e5 kan vi sammen finne de n\u00f8dvendige l\u00f8sningene for ditt behov.<\/p>\n<h3>Digitalisering av tegninger\/skisser<\/h3>\n<p>I samarbeid med utenlandske bedrifter har vi bygd et system for digitalisering av tegninger. Vi foretar de formelle oppgavene mot deg som kunde, samt kvalitetssikrer at det elektroniske grunnlaget er i tr\u00e5d med de standarder som er relevant, ogs\u00e5 etter kundens spesifikasjon.<\/p>\n<p>Vi foretar skanning, eventuelt fra digitalt grunnlag som pdf, ulike bildeformater eller kun en h\u00e5ndskisse p\u00e5 serviett. Gode grunnlag gir bedre resultater.<\/p>\n<p>Oppgaven gj\u00f8res p\u00e5 fastpris, avhengig av kvaliteten p\u00e5 grunnlaget og omfang.<\/p>\n","protected":false},"excerpt":{"rendered":"<p>Reguleringsplaner Vi utf\u00f8rer reguleringsplaner med n\u00f8dvendige faglige unders\u00f8kelser. V\u00e5re arkitekter bidrar fra planoppstart til vedtatt [&hellip;]<\/p>\n","protected":false},"author":1,"featured_media":0,"parent":0,"menu_order":0,"comment_status":"closed","ping_status":"open","template":"elementor_theme","meta":[],"rttpg_featured_image_url":null,"rttpg_author":{"display_name":"greenadvisers","author_link":"https:\/\/greenadvisers.no\/?author=1"},"rttpg_comment":0,"rttpg_category":null,"rttpg_excerpt":"Reguleringsplaner Vi utf\u00f8rer reguleringsplaner med n\u00f8dvendige faglige unders\u00f8kelser. V\u00e5re arkitekter bidrar fra planoppstart til vedtatt [&hellip;]","_links":{"self":[{"href":"https:\/\/greenadvisers.no\/index.php?rest_route=\/wp\/v2\/pages\/6"}],"collection":[{"href":"https:\/\/greenadvisers.no\/index.php?rest_route=\/wp\/v2\/pages"}],"about":[{"href":"https:\/\/greenadvisers.no\/index.php?rest_route=\/wp\/v2\/types\/page"}],"author":[{"embeddable":true,"href":"https:\/\/greenadvisers.no\/index.php?rest_route=\/wp\/v2\/users\/1"}],"replies":[{"embeddable":true,"href":"https:\/\/greenadvisers.no\/index.php?rest_route=%2Fwp%2Fv2%2Fcomments&post=6"}],"version-history":[{"count":17,"href":"https:\/\/greenadvisers.no\/index.php?rest_route=\/wp\/v2\/pages\/6\/revisions"}],"predecessor-version":[{"id":3220,"href":"https:\/\/greenadvisers.no\/index.php?rest_route=\/wp\/v2\/pages\/6\/revisions\/3220"}],"wp:attachment":[{"href":"https:\/\/greenadvisers.no\/index.php?rest_route=%2Fwp%2Fv2%2Fmedia&parent=6"}],"curies":[{"name":"wp","href":"https:\/\/api.w.org\/{rel}","templated":true}]}}