{"id":7,"date":"2013-04-18T00:18:52","date_gmt":"2013-04-18T00:18:52","guid":{"rendered":"http:\/\/greenadvisers.no\/?page_id=7"},"modified":"2021-11-18T21:28:46","modified_gmt":"2021-11-18T21:28:46","slug":"green-building-system","status":"publish","type":"page","link":"https:\/\/greenadvisers.no\/?page_id=7","title":{"rendered":"Byggesystemet"},"content":{"rendered":"<p>Gjennom flere \u00e5r med utvikling- og byggeprosjekter, har vi tilegnet oss kunnskap ompraktisk bruk av tre i store bygg. Dette har resultert i en egenutviklet byggeteknikk som oppsummerer de gode erfaringer man har gjort tidligere. Materialvalgene bygger p\u00e5 substitusjonsfilosofi og har resultert til en mer milj\u00f8vennlig l\u00f8sning. Green Building System (GBS) er en metode for store og effektive trebygg.<\/p>\n<p>\t\t\t\t\t\t\t\t\t\t\t\t\t\t\t<img width=\"1024\" height=\"683\" src=\"http:\/\/greenadvisers.no\/wp-content\/uploads\/2021\/11\/Uke-37-17-1-1024x683.jpg\" alt=\"\" loading=\"lazy\" srcset=\"https:\/\/greenadvisers.no\/wp-content\/uploads\/2021\/11\/Uke-37-17-1-1024x683.jpg 1024w, https:\/\/greenadvisers.no\/wp-content\/uploads\/2021\/11\/Uke-37-17-1-300x200.jpg 300w, https:\/\/greenadvisers.no\/wp-content\/uploads\/2021\/11\/Uke-37-17-1-768x512.jpg 768w, https:\/\/greenadvisers.no\/wp-content\/uploads\/2021\/11\/Uke-37-17-1-1536x1024.jpg 1536w, https:\/\/greenadvisers.no\/wp-content\/uploads\/2021\/11\/Uke-37-17-1-2048x1365.jpg 2048w, https:\/\/greenadvisers.no\/wp-content\/uploads\/2021\/11\/Uke-37-17-1-920x613.jpg 920w, https:\/\/greenadvisers.no\/wp-content\/uploads\/2021\/11\/Uke-37-17-1-230x153.jpg 230w, https:\/\/greenadvisers.no\/wp-content\/uploads\/2021\/11\/Uke-37-17-1-350x233.jpg 350w, https:\/\/greenadvisers.no\/wp-content\/uploads\/2021\/11\/Uke-37-17-1-480x320.jpg 480w, https:\/\/greenadvisers.no\/wp-content\/uploads\/2021\/11\/Uke-37-17-1-400x267.jpg 400w\" sizes=\"(max-width: 1024px) 100vw, 1024px\" \/>\t\t\t\t\t\t\t\t\t\t\t\t\t\t\t<\/p>\n<p>L\u00f8sningene har fokus p\u00e5 enkelhet og en robust utf\u00f8relsesmetode, slik at sannsynlighet for feil og avvik reduseres. Systemet har innebygde toleranser, slik at mindre produksjonsavvik kan tolereres uten at dette f\u00e5r konsekvens for kvalitet eller levetid. Erfaringsbasert l\u00e6ring er suksesskriteriet for Green Building system (GBS).<\/p>\n<p>N\u00f8kkelen i systemet er prefabrikasjon av bygningene i stadig st\u00f8rre grad, der forbedringer gj\u00f8res fortl\u00f8pende for \u00e5 oppn\u00e5 de mest effektive l\u00f8sningene som er mulig til en hver tid\u00a0i markedet. Fokus p\u00e5 \u00e5 bli stadig bedre, gj\u00f8r at Green Building system (GBS) aldri slutter \u00e5 utvikle seg.<\/p>\n<p>Erfaringene bygger i stor grad p\u00e5 tilstandsvurderinger av eksisterende bygg og historisk godt fungerende\u00a0l\u00f8sninger. Resultatet blir robuste trebygg som er enkle \u00e5 tilpasse til den enkelte kunders behov og \u00f8nsker, samtidig rasjonelle og teknisk gode bygg. Green building system (GBS) l\u00e6rer av andres suksesshistorier, der GBS finner hyppigere gode l\u00f8sninger i gamle og historiske l\u00f8sninger.<\/p>\n<p>Fellestrekk for l\u00f8sningene, er konstruksjoner i kombinasjon med massivtre, limtre, bindingsverk og knutepunkter i st\u00e5l som raskt lar seg planlegge og produsere.<\/p>\n<p>\t\t\t\t\t\t\t\t\t\t\t\t\t\t\t<img width=\"1024\" height=\"683\" src=\"http:\/\/greenadvisers.no\/wp-content\/uploads\/2021\/11\/Uke-39-10-1024x683.jpg\" alt=\"\" loading=\"lazy\" srcset=\"https:\/\/greenadvisers.no\/wp-content\/uploads\/2021\/11\/Uke-39-10-1024x683.jpg 1024w, https:\/\/greenadvisers.no\/wp-content\/uploads\/2021\/11\/Uke-39-10-300x200.jpg 300w, https:\/\/greenadvisers.no\/wp-content\/uploads\/2021\/11\/Uke-39-10-768x512.jpg 768w, https:\/\/greenadvisers.no\/wp-content\/uploads\/2021\/11\/Uke-39-10-1536x1024.jpg 1536w, https:\/\/greenadvisers.no\/wp-content\/uploads\/2021\/11\/Uke-39-10-2048x1365.jpg 2048w, https:\/\/greenadvisers.no\/wp-content\/uploads\/2021\/11\/Uke-39-10-920x613.jpg 920w, https:\/\/greenadvisers.no\/wp-content\/uploads\/2021\/11\/Uke-39-10-230x153.jpg 230w, https:\/\/greenadvisers.no\/wp-content\/uploads\/2021\/11\/Uke-39-10-350x233.jpg 350w, https:\/\/greenadvisers.no\/wp-content\/uploads\/2021\/11\/Uke-39-10-480x320.jpg 480w, https:\/\/greenadvisers.no\/wp-content\/uploads\/2021\/11\/Uke-39-10-200x133.jpg 200w\" sizes=\"(max-width: 1024px) 100vw, 1024px\" \/>\t\t\t\t\t\t\t\t\t\t\t\t\t\t\t<\/p>\n<p>Gjennomf\u00f8rte prosjekter viser at byggeteknikken er konkurransedyktig mot andre husbyggingsteknikker. Hittil har sammenligninger v\u00e6rt gjort p\u00e5 industribygg, n\u00e6ringsbygg og idrettshaller med tilfredsstillende resultat. M\u00e5lsettingen med Green Building system er \u00e5 v\u00e6re konkurransedyktig innenfor store bygg.<\/p>\n<p>\t\t\t\t\t\t\t\t\t\t\t\t\t\t\t<img width=\"1024\" height=\"653\" src=\"http:\/\/greenadvisers.no\/wp-content\/uploads\/2013\/04\/Splittegning-takelement-1024x653.jpg\" alt=\"\" loading=\"lazy\" srcset=\"https:\/\/greenadvisers.no\/wp-content\/uploads\/2013\/04\/Splittegning-takelement-1024x653.jpg 1024w, https:\/\/greenadvisers.no\/wp-content\/uploads\/2013\/04\/Splittegning-takelement-300x191.jpg 300w, https:\/\/greenadvisers.no\/wp-content\/uploads\/2013\/04\/Splittegning-takelement-768x490.jpg 768w, https:\/\/greenadvisers.no\/wp-content\/uploads\/2013\/04\/Splittegning-takelement-1536x980.jpg 1536w, https:\/\/greenadvisers.no\/wp-content\/uploads\/2013\/04\/Splittegning-takelement-830x530.jpg 830w, https:\/\/greenadvisers.no\/wp-content\/uploads\/2013\/04\/Splittegning-takelement-230x147.jpg 230w, https:\/\/greenadvisers.no\/wp-content\/uploads\/2013\/04\/Splittegning-takelement-350x223.jpg 350w, https:\/\/greenadvisers.no\/wp-content\/uploads\/2013\/04\/Splittegning-takelement-480x306.jpg 480w, https:\/\/greenadvisers.no\/wp-content\/uploads\/2013\/04\/Splittegning-takelement-200x128.jpg 200w, https:\/\/greenadvisers.no\/wp-content\/uploads\/2013\/04\/Splittegning-takelement-800x510.jpg 800w, https:\/\/greenadvisers.no\/wp-content\/uploads\/2013\/04\/Splittegning-takelement-282x180.jpg 282w, https:\/\/greenadvisers.no\/wp-content\/uploads\/2013\/04\/Splittegning-takelement.jpg 1699w\" sizes=\"(max-width: 1024px) 100vw, 1024px\" \/><\/p>\n","protected":false},"excerpt":{"rendered":"<p>Gjennom flere \u00e5r med utvikling- og byggeprosjekter, har vi tilegnet oss kunnskap ompraktisk bruk av [&hellip;]<\/p>\n","protected":false},"author":1,"featured_media":0,"parent":0,"menu_order":0,"comment_status":"closed","ping_status":"open","template":"elementor_theme","meta":[],"rttpg_featured_image_url":null,"rttpg_author":{"display_name":"greenadvisers","author_link":"https:\/\/greenadvisers.no\/?author=1"},"rttpg_comment":0,"rttpg_category":null,"rttpg_excerpt":"Gjennom flere \u00e5r med utvikling- og byggeprosjekter, har vi tilegnet oss kunnskap ompraktisk bruk av [&hellip;]","_links":{"self":[{"href":"https:\/\/greenadvisers.no\/index.php?rest_route=\/wp\/v2\/pages\/7"}],"collection":[{"href":"https:\/\/greenadvisers.no\/index.php?rest_route=\/wp\/v2\/pages"}],"about":[{"href":"https:\/\/greenadvisers.no\/index.php?rest_route=\/wp\/v2\/types\/page"}],"author":[{"embeddable":true,"href":"https:\/\/greenadvisers.no\/index.php?rest_route=\/wp\/v2\/users\/1"}],"replies":[{"embeddable":true,"href":"https:\/\/greenadvisers.no\/index.php?rest_route=%2Fwp%2Fv2%2Fcomments&post=7"}],"version-history":[{"count":38,"href":"https:\/\/greenadvisers.no\/index.php?rest_route=\/wp\/v2\/pages\/7\/revisions"}],"predecessor-version":[{"id":3228,"href":"https:\/\/greenadvisers.no\/index.php?rest_route=\/wp\/v2\/pages\/7\/revisions\/3228"}],"wp:attachment":[{"href":"https:\/\/greenadvisers.no\/index.php?rest_route=%2Fwp%2Fv2%2Fmedia&parent=7"}],"curies":[{"name":"wp","href":"https:\/\/api.w.org\/{rel}","templated":true}]}}